{"id":142,"date":"2020-08-26T07:17:52","date_gmt":"2020-08-26T07:17:52","guid":{"rendered":"https:\/\/hoppyness.com.mx\/?page_id=142"},"modified":"2023-05-18T01:14:05","modified_gmt":"2023-05-18T01:14:05","slug":"cerveza-artesanal-cancun","status":"publish","type":"page","link":"https:\/\/hoppyness.com.mx\/","title":{"rendered":"CERVEZA ARTESANAL"},"content":{"rendered":"\n<p>Para tu negocio<\/p>\n","protected":false},"excerpt":{"rendered":"<p>Para tu negocio<\/p>\n","protected":false},"author":1,"featured_media":553,"parent":0,"menu_order":0,"comment_status":"closed","ping_status":"closed","template":"template-home.php","meta":{"footnotes":""},"class_list":["post-142","page","type-page","status-publish","has-post-thumbnail","hentry"],"yoast_head":"<!-- This site is optimized with the Yoast SEO plugin v26.8 - https:\/\/yoast.com\/product\/yoast-seo-wordpress\/ -->\n<title>CERVEZA ARTESANAL &#8211; Hoppyness<\/title>\n<meta name=\"description\" content=\"Distribuci\u00f3n de cerveza artesanal mexicana en Canc\u00fan y la Riviera Maya. Programas de capacitaci\u00f3n, servicio t\u00e9cnico y dise\u00f1o de men\u00fa.\" \/>\n<meta name=\"robots\" content=\"index, follow, max-snippet:-1, max-image-preview:large, max-video-preview:-1\" \/>\n<link rel=\"canonical\" href=\"https:\/\/hoppyness.com.mx\/\" \/>\n<meta property=\"og:locale\" content=\"es_ES\" \/>\n<meta property=\"og:type\" content=\"article\" \/>\n<meta property=\"og:title\" content=\"CERVEZA ARTESANAL &#8211; Hoppyness\" \/>\n<meta property=\"og:description\" content=\"Distribuci\u00f3n de cerveza artesanal mexicana en Canc\u00fan y la Riviera Maya. Programas de capacitaci\u00f3n, servicio t\u00e9cnico y dise\u00f1o de men\u00fa.\" \/>\n<meta property=\"og:url\" content=\"https:\/\/hoppyness.com.mx\/\" \/>\n<meta property=\"og:site_name\" content=\"Hoppyness\" \/>\n<meta property=\"article:publisher\" content=\"https:\/\/www.facebook.com\/hoppynesscervezas\" \/>\n<meta property=\"article:modified_time\" content=\"2023-05-18T01:14:05+00:00\" \/>\n<meta property=\"og:image\" content=\"https:\/\/hoppyness.com.mx\/wp-content\/uploads\/2020\/11\/beer-2218900_960_720-4.jpg\" \/>\n\t<meta property=\"og:image:width\" content=\"960\" \/>\n\t<meta property=\"og:image:height\" content=\"640\" \/>\n\t<meta property=\"og:image:type\" content=\"image\/jpeg\" \/>\n<meta name=\"twitter:card\" content=\"summary_large_image\" \/>\n<meta name=\"twitter:label1\" content=\"Tiempo de lectura\" \/>\n\t<meta name=\"twitter:data1\" content=\"1 minuto\" \/>\n<script type=\"application\/ld+json\" class=\"yoast-schema-graph\">{\"@context\":\"https:\/\/schema.org\",\"@graph\":[{\"@type\":\"WebPage\",\"@id\":\"https:\/\/hoppyness.com.mx\/\",\"url\":\"https:\/\/hoppyness.com.mx\/\",\"name\":\"CERVEZA ARTESANAL &#8211; Hoppyness\",\"isPartOf\":{\"@id\":\"https:\/\/hoppyness.com.mx\/#website\"},\"primaryImageOfPage\":{\"@id\":\"https:\/\/hoppyness.com.mx\/#primaryimage\"},\"image\":{\"@id\":\"https:\/\/hoppyness.com.mx\/#primaryimage\"},\"thumbnailUrl\":\"https:\/\/hoppyness.com.mx\/wp-content\/uploads\/2020\/11\/beer-2218900_960_720-4.jpg\",\"datePublished\":\"2020-08-26T07:17:52+00:00\",\"dateModified\":\"2023-05-18T01:14:05+00:00\",\"description\":\"Distribuci\u00f3n de cerveza artesanal mexicana en Canc\u00fan y la Riviera Maya. Programas de capacitaci\u00f3n, servicio t\u00e9cnico y dise\u00f1o de men\u00fa.\",\"breadcrumb\":{\"@id\":\"https:\/\/hoppyness.com.mx\/#breadcrumb\"},\"inLanguage\":\"es\",\"potentialAction\":[{\"@type\":\"ReadAction\",\"target\":[\"https:\/\/hoppyness.com.mx\/\"]}]},{\"@type\":\"ImageObject\",\"inLanguage\":\"es\",\"@id\":\"https:\/\/hoppyness.com.mx\/#primaryimage\",\"url\":\"https:\/\/hoppyness.com.mx\/wp-content\/uploads\/2020\/11\/beer-2218900_960_720-4.jpg\",\"contentUrl\":\"https:\/\/hoppyness.com.mx\/wp-content\/uploads\/2020\/11\/beer-2218900_960_720-4.jpg\",\"width\":960,\"height\":640},{\"@type\":\"BreadcrumbList\",\"@id\":\"https:\/\/hoppyness.com.mx\/#breadcrumb\",\"itemListElement\":[{\"@type\":\"ListItem\",\"position\":1,\"name\":\"Portada\",\"item\":\"https:\/\/hoppyness.com.mx\/\"},{\"@type\":\"ListItem\",\"position\":2,\"name\":\"CERVEZA ARTESANAL\"}]},{\"@type\":\"WebSite\",\"@id\":\"https:\/\/hoppyness.com.mx\/#website\",\"url\":\"https:\/\/hoppyness.com.mx\/\",\"name\":\"Hoppyness\",\"description\":\"Somos distribuidores de cerveza artesanal en Canc\u00fan\",\"publisher\":{\"@id\":\"https:\/\/hoppyness.com.mx\/#organization\"},\"alternateName\":\"Venta de cerveza artesanal en Canc\u00fan\",\"potentialAction\":[{\"@type\":\"SearchAction\",\"target\":{\"@type\":\"EntryPoint\",\"urlTemplate\":\"https:\/\/hoppyness.com.mx\/?s={search_term_string}\"},\"query-input\":{\"@type\":\"PropertyValueSpecification\",\"valueRequired\":true,\"valueName\":\"search_term_string\"}}],\"inLanguage\":\"es\"},{\"@type\":\"Organization\",\"@id\":\"https:\/\/hoppyness.com.mx\/#organization\",\"name\":\"Hoppyness Distribuci\u00f3n de Cerveza Artesanal\",\"alternateName\":\"Distribuci\u00f3n de Cerveza Artesanal\",\"url\":\"https:\/\/hoppyness.com.mx\/\",\"logo\":{\"@type\":\"ImageObject\",\"inLanguage\":\"es\",\"@id\":\"https:\/\/hoppyness.com.mx\/#\/schema\/logo\/image\/\",\"url\":\"https:\/\/hoppyness.com.mx\/wp-content\/uploads\/2020\/11\/1111.png\",\"contentUrl\":\"https:\/\/hoppyness.com.mx\/wp-content\/uploads\/2020\/11\/1111.png\",\"width\":354,\"height\":114,\"caption\":\"Hoppyness Distribuci\u00f3n de Cerveza Artesanal\"},\"image\":{\"@id\":\"https:\/\/hoppyness.com.mx\/#\/schema\/logo\/image\/\"},\"sameAs\":[\"https:\/\/www.facebook.com\/hoppynesscervezas\",\"https:\/\/www.instagram.com\/hoppynesscervezas\"]}]}<\/script>\n<!-- \/ Yoast SEO plugin. -->","yoast_head_json":{"title":"CERVEZA ARTESANAL &#8211; Hoppyness","description":"Distribuci\u00f3n de cerveza artesanal mexicana en Canc\u00fan y la Riviera Maya. Programas de capacitaci\u00f3n, servicio t\u00e9cnico y dise\u00f1o de men\u00fa.","robots":{"index":"index","follow":"follow","max-snippet":"max-snippet:-1","max-image-preview":"max-image-preview:large","max-video-preview":"max-video-preview:-1"},"canonical":"https:\/\/hoppyness.com.mx\/","og_locale":"es_ES","og_type":"article","og_title":"CERVEZA ARTESANAL &#8211; Hoppyness","og_description":"Distribuci\u00f3n de cerveza artesanal mexicana en Canc\u00fan y la Riviera Maya. Programas de capacitaci\u00f3n, servicio t\u00e9cnico y dise\u00f1o de men\u00fa.","og_url":"https:\/\/hoppyness.com.mx\/","og_site_name":"Hoppyness","article_publisher":"https:\/\/www.facebook.com\/hoppynesscervezas","article_modified_time":"2023-05-18T01:14:05+00:00","og_image":[{"width":960,"height":640,"url":"https:\/\/hoppyness.com.mx\/wp-content\/uploads\/2020\/11\/beer-2218900_960_720-4.jpg","type":"image\/jpeg"}],"twitter_card":"summary_large_image","twitter_misc":{"Tiempo de lectura":"1 minuto"},"schema":{"@context":"https:\/\/schema.org","@graph":[{"@type":"WebPage","@id":"https:\/\/hoppyness.com.mx\/","url":"https:\/\/hoppyness.com.mx\/","name":"CERVEZA ARTESANAL &#8211; Hoppyness","isPartOf":{"@id":"https:\/\/hoppyness.com.mx\/#website"},"primaryImageOfPage":{"@id":"https:\/\/hoppyness.com.mx\/#primaryimage"},"image":{"@id":"https:\/\/hoppyness.com.mx\/#primaryimage"},"thumbnailUrl":"https:\/\/hoppyness.com.mx\/wp-content\/uploads\/2020\/11\/beer-2218900_960_720-4.jpg","datePublished":"2020-08-26T07:17:52+00:00","dateModified":"2023-05-18T01:14:05+00:00","description":"Distribuci\u00f3n de cerveza artesanal mexicana en Canc\u00fan y la Riviera Maya. Programas de capacitaci\u00f3n, servicio t\u00e9cnico y dise\u00f1o de men\u00fa.","breadcrumb":{"@id":"https:\/\/hoppyness.com.mx\/#breadcrumb"},"inLanguage":"es","potentialAction":[{"@type":"ReadAction","target":["https:\/\/hoppyness.com.mx\/"]}]},{"@type":"ImageObject","inLanguage":"es","@id":"https:\/\/hoppyness.com.mx\/#primaryimage","url":"https:\/\/hoppyness.com.mx\/wp-content\/uploads\/2020\/11\/beer-2218900_960_720-4.jpg","contentUrl":"https:\/\/hoppyness.com.mx\/wp-content\/uploads\/2020\/11\/beer-2218900_960_720-4.jpg","width":960,"height":640},{"@type":"BreadcrumbList","@id":"https:\/\/hoppyness.com.mx\/#breadcrumb","itemListElement":[{"@type":"ListItem","position":1,"name":"Portada","item":"https:\/\/hoppyness.com.mx\/"},{"@type":"ListItem","position":2,"name":"CERVEZA ARTESANAL"}]},{"@type":"WebSite","@id":"https:\/\/hoppyness.com.mx\/#website","url":"https:\/\/hoppyness.com.mx\/","name":"Hoppyness","description":"Somos distribuidores de cerveza artesanal en Canc\u00fan","publisher":{"@id":"https:\/\/hoppyness.com.mx\/#organization"},"alternateName":"Venta de cerveza artesanal en Canc\u00fan","potentialAction":[{"@type":"SearchAction","target":{"@type":"EntryPoint","urlTemplate":"https:\/\/hoppyness.com.mx\/?s={search_term_string}"},"query-input":{"@type":"PropertyValueSpecification","valueRequired":true,"valueName":"search_term_string"}}],"inLanguage":"es"},{"@type":"Organization","@id":"https:\/\/hoppyness.com.mx\/#organization","name":"Hoppyness Distribuci\u00f3n de Cerveza Artesanal","alternateName":"Distribuci\u00f3n de Cerveza Artesanal","url":"https:\/\/hoppyness.com.mx\/","logo":{"@type":"ImageObject","inLanguage":"es","@id":"https:\/\/hoppyness.com.mx\/#\/schema\/logo\/image\/","url":"https:\/\/hoppyness.com.mx\/wp-content\/uploads\/2020\/11\/1111.png","contentUrl":"https:\/\/hoppyness.com.mx\/wp-content\/uploads\/2020\/11\/1111.png","width":354,"height":114,"caption":"Hoppyness Distribuci\u00f3n de Cerveza Artesanal"},"image":{"@id":"https:\/\/hoppyness.com.mx\/#\/schema\/logo\/image\/"},"sameAs":["https:\/\/www.facebook.com\/hoppynesscervezas","https:\/\/www.instagram.com\/hoppynesscervezas"]}]}},"jetpack_sharing_enabled":true,"_links":{"self":[{"href":"https:\/\/hoppyness.com.mx\/index.php?rest_route=\/wp\/v2\/pages\/142","targetHints":{"allow":["GET"]}}],"collection":[{"href":"https:\/\/hoppyness.com.mx\/index.php?rest_route=\/wp\/v2\/pages"}],"about":[{"href":"https:\/\/hoppyness.com.mx\/index.php?rest_route=\/wp\/v2\/types\/page"}],"author":[{"embeddable":true,"href":"https:\/\/hoppyness.com.mx\/index.php?rest_route=\/wp\/v2\/users\/1"}],"replies":[{"embeddable":true,"href":"https:\/\/hoppyness.com.mx\/index.php?rest_route=%2Fwp%2Fv2%2Fcomments&post=142"}],"version-history":[{"count":7,"href":"https:\/\/hoppyness.com.mx\/index.php?rest_route=\/wp\/v2\/pages\/142\/revisions"}],"predecessor-version":[{"id":563,"href":"https:\/\/hoppyness.com.mx\/index.php?rest_route=\/wp\/v2\/pages\/142\/revisions\/563"}],"wp:featuredmedia":[{"embeddable":true,"href":"https:\/\/hoppyness.com.mx\/index.php?rest_route=\/wp\/v2\/media\/553"}],"wp:attachment":[{"href":"https:\/\/hoppyness.com.mx\/index.php?rest_route=%2Fwp%2Fv2%2Fmedia&parent=142"}],"curies":[{"name":"wp","href":"https:\/\/api.w.org\/{rel}","templated":true}]}}