{"id":226,"date":"2020-11-12T22:34:12","date_gmt":"2020-11-12T22:34:12","guid":{"rendered":"https:\/\/hoppyness.com.mx\/?page_id=226"},"modified":"2020-11-15T18:32:20","modified_gmt":"2020-11-15T18:32:20","slug":"nosotros","status":"publish","type":"page","link":"https:\/\/hoppyness.com.mx\/?page_id=226","title":{"rendered":"Nosotros"},"content":{"rendered":"\n<p>                                                                                                                                           Somos distribuidores de cerveza artesanal en Canc\u00fan y la Riviera Maya.<\/p>\n\n\n\n<p>El mercado de la cerveza artesanal en M\u00e9xico crece a pasos acelerados, teniendo m\u00e1s popularidad e inter\u00e9s al p\u00fablico en general. <\/p>\n\n\n\n<p>El mundo de la cerveza artesanal es apasionante y diverso. En Hoppynes sabemos que la presencia de productos de calidad en su negocio aportan un   beneficio en imagen y presencia. Por eso hemos creado una selecci\u00f3n de productos que cumplen con altos est\u00e1ndares de calidad y sabor.<\/p>\n\n\n\n<p>Contamos con expertos Sommeliers que le ayudar\u00e1n a elegir las opciones adecuadas para su negocio.<\/p>\n","protected":false},"excerpt":{"rendered":"<p>Somos distribuidores de cerveza artesanal en Canc\u00fan y la Riviera Maya. El mercado de la cerveza artesanal en M\u00e9xico crece &hellip; <\/p>\n","protected":false},"author":1,"featured_media":0,"parent":0,"menu_order":0,"comment_status":"closed","ping_status":"closed","template":"","meta":{"footnotes":""},"class_list":["post-226","page","type-page","status-publish","hentry"],"yoast_head":"<!-- This site is optimized with the Yoast SEO plugin v26.8 - https:\/\/yoast.com\/product\/yoast-seo-wordpress\/ -->\n<title>Nosotros &#8211; Hoppyness<\/title>\n<meta name=\"robots\" content=\"index, follow, max-snippet:-1, max-image-preview:large, max-video-preview:-1\" \/>\n<link rel=\"canonical\" href=\"https:\/\/hoppyness.com.mx\/?page_id=226\" \/>\n<meta property=\"og:locale\" content=\"es_ES\" \/>\n<meta property=\"og:type\" content=\"article\" \/>\n<meta property=\"og:title\" content=\"Nosotros &#8211; Hoppyness\" \/>\n<meta property=\"og:description\" content=\"Somos distribuidores de cerveza artesanal en Canc\u00fan y la Riviera Maya. El mercado de la cerveza artesanal en M\u00e9xico crece &hellip;\" \/>\n<meta property=\"og:url\" content=\"https:\/\/hoppyness.com.mx\/?page_id=226\" \/>\n<meta property=\"og:site_name\" content=\"Hoppyness\" \/>\n<meta property=\"article:publisher\" content=\"https:\/\/www.facebook.com\/hoppynesscervezas\" \/>\n<meta property=\"article:modified_time\" content=\"2020-11-15T18:32:20+00:00\" \/>\n<meta property=\"og:image\" content=\"https:\/\/hoppyness.com.mx\/wp-content\/uploads\/2020\/11\/Captura-de-Pantalla-2020-11-12-a-las-16.59.37.png\" \/>\n\t<meta property=\"og:image:width\" content=\"578\" \/>\n\t<meta property=\"og:image:height\" content=\"245\" \/>\n\t<meta property=\"og:image:type\" content=\"image\/png\" \/>\n<meta name=\"twitter:card\" content=\"summary_large_image\" \/>\n<meta name=\"twitter:label1\" content=\"Tiempo de lectura\" \/>\n\t<meta name=\"twitter:data1\" content=\"1 minuto\" \/>\n<script type=\"application\/ld+json\" class=\"yoast-schema-graph\">{\"@context\":\"https:\/\/schema.org\",\"@graph\":[{\"@type\":\"WebPage\",\"@id\":\"https:\/\/hoppyness.com.mx\/?page_id=226\",\"url\":\"https:\/\/hoppyness.com.mx\/?page_id=226\",\"name\":\"Nosotros &#8211; Hoppyness\",\"isPartOf\":{\"@id\":\"https:\/\/hoppyness.com.mx\/#website\"},\"datePublished\":\"2020-11-12T22:34:12+00:00\",\"dateModified\":\"2020-11-15T18:32:20+00:00\",\"breadcrumb\":{\"@id\":\"https:\/\/hoppyness.com.mx\/?page_id=226#breadcrumb\"},\"inLanguage\":\"es\",\"potentialAction\":[{\"@type\":\"ReadAction\",\"target\":[\"https:\/\/hoppyness.com.mx\/?page_id=226\"]}]},{\"@type\":\"BreadcrumbList\",\"@id\":\"https:\/\/hoppyness.com.mx\/?page_id=226#breadcrumb\",\"itemListElement\":[{\"@type\":\"ListItem\",\"position\":1,\"name\":\"Portada\",\"item\":\"https:\/\/hoppyness.com.mx\/\"},{\"@type\":\"ListItem\",\"position\":2,\"name\":\"Nosotros\"}]},{\"@type\":\"WebSite\",\"@id\":\"https:\/\/hoppyness.com.mx\/#website\",\"url\":\"https:\/\/hoppyness.com.mx\/\",\"name\":\"Hoppyness\",\"description\":\"Somos distribuidores de cerveza artesanal en Canc\u00fan\",\"publisher\":{\"@id\":\"https:\/\/hoppyness.com.mx\/#organization\"},\"alternateName\":\"Venta de cerveza artesanal en Canc\u00fan\",\"potentialAction\":[{\"@type\":\"SearchAction\",\"target\":{\"@type\":\"EntryPoint\",\"urlTemplate\":\"https:\/\/hoppyness.com.mx\/?s={search_term_string}\"},\"query-input\":{\"@type\":\"PropertyValueSpecification\",\"valueRequired\":true,\"valueName\":\"search_term_string\"}}],\"inLanguage\":\"es\"},{\"@type\":\"Organization\",\"@id\":\"https:\/\/hoppyness.com.mx\/#organization\",\"name\":\"Hoppyness Distribuci\u00f3n de Cerveza Artesanal\",\"alternateName\":\"Distribuci\u00f3n de Cerveza Artesanal\",\"url\":\"https:\/\/hoppyness.com.mx\/\",\"logo\":{\"@type\":\"ImageObject\",\"inLanguage\":\"es\",\"@id\":\"https:\/\/hoppyness.com.mx\/#\/schema\/logo\/image\/\",\"url\":\"https:\/\/hoppyness.com.mx\/wp-content\/uploads\/2020\/11\/1111.png\",\"contentUrl\":\"https:\/\/hoppyness.com.mx\/wp-content\/uploads\/2020\/11\/1111.png\",\"width\":354,\"height\":114,\"caption\":\"Hoppyness Distribuci\u00f3n de Cerveza Artesanal\"},\"image\":{\"@id\":\"https:\/\/hoppyness.com.mx\/#\/schema\/logo\/image\/\"},\"sameAs\":[\"https:\/\/www.facebook.com\/hoppynesscervezas\",\"https:\/\/www.instagram.com\/hoppynesscervezas\"]}]}<\/script>\n<!-- \/ Yoast SEO plugin. -->","yoast_head_json":{"title":"Nosotros &#8211; Hoppyness","robots":{"index":"index","follow":"follow","max-snippet":"max-snippet:-1","max-image-preview":"max-image-preview:large","max-video-preview":"max-video-preview:-1"},"canonical":"https:\/\/hoppyness.com.mx\/?page_id=226","og_locale":"es_ES","og_type":"article","og_title":"Nosotros &#8211; Hoppyness","og_description":"Somos distribuidores de cerveza artesanal en Canc\u00fan y la Riviera Maya. El mercado de la cerveza artesanal en M\u00e9xico crece &hellip;","og_url":"https:\/\/hoppyness.com.mx\/?page_id=226","og_site_name":"Hoppyness","article_publisher":"https:\/\/www.facebook.com\/hoppynesscervezas","article_modified_time":"2020-11-15T18:32:20+00:00","og_image":[{"width":578,"height":245,"url":"https:\/\/hoppyness.com.mx\/wp-content\/uploads\/2020\/11\/Captura-de-Pantalla-2020-11-12-a-las-16.59.37.png","type":"image\/png"}],"twitter_card":"summary_large_image","twitter_misc":{"Tiempo de lectura":"1 minuto"},"schema":{"@context":"https:\/\/schema.org","@graph":[{"@type":"WebPage","@id":"https:\/\/hoppyness.com.mx\/?page_id=226","url":"https:\/\/hoppyness.com.mx\/?page_id=226","name":"Nosotros &#8211; Hoppyness","isPartOf":{"@id":"https:\/\/hoppyness.com.mx\/#website"},"datePublished":"2020-11-12T22:34:12+00:00","dateModified":"2020-11-15T18:32:20+00:00","breadcrumb":{"@id":"https:\/\/hoppyness.com.mx\/?page_id=226#breadcrumb"},"inLanguage":"es","potentialAction":[{"@type":"ReadAction","target":["https:\/\/hoppyness.com.mx\/?page_id=226"]}]},{"@type":"BreadcrumbList","@id":"https:\/\/hoppyness.com.mx\/?page_id=226#breadcrumb","itemListElement":[{"@type":"ListItem","position":1,"name":"Portada","item":"https:\/\/hoppyness.com.mx\/"},{"@type":"ListItem","position":2,"name":"Nosotros"}]},{"@type":"WebSite","@id":"https:\/\/hoppyness.com.mx\/#website","url":"https:\/\/hoppyness.com.mx\/","name":"Hoppyness","description":"Somos distribuidores de cerveza artesanal en Canc\u00fan","publisher":{"@id":"https:\/\/hoppyness.com.mx\/#organization"},"alternateName":"Venta de cerveza artesanal en Canc\u00fan","potentialAction":[{"@type":"SearchAction","target":{"@type":"EntryPoint","urlTemplate":"https:\/\/hoppyness.com.mx\/?s={search_term_string}"},"query-input":{"@type":"PropertyValueSpecification","valueRequired":true,"valueName":"search_term_string"}}],"inLanguage":"es"},{"@type":"Organization","@id":"https:\/\/hoppyness.com.mx\/#organization","name":"Hoppyness Distribuci\u00f3n de Cerveza Artesanal","alternateName":"Distribuci\u00f3n de Cerveza Artesanal","url":"https:\/\/hoppyness.com.mx\/","logo":{"@type":"ImageObject","inLanguage":"es","@id":"https:\/\/hoppyness.com.mx\/#\/schema\/logo\/image\/","url":"https:\/\/hoppyness.com.mx\/wp-content\/uploads\/2020\/11\/1111.png","contentUrl":"https:\/\/hoppyness.com.mx\/wp-content\/uploads\/2020\/11\/1111.png","width":354,"height":114,"caption":"Hoppyness Distribuci\u00f3n de Cerveza Artesanal"},"image":{"@id":"https:\/\/hoppyness.com.mx\/#\/schema\/logo\/image\/"},"sameAs":["https:\/\/www.facebook.com\/hoppynesscervezas","https:\/\/www.instagram.com\/hoppynesscervezas"]}]}},"jetpack_sharing_enabled":true,"_links":{"self":[{"href":"https:\/\/hoppyness.com.mx\/index.php?rest_route=\/wp\/v2\/pages\/226","targetHints":{"allow":["GET"]}}],"collection":[{"href":"https:\/\/hoppyness.com.mx\/index.php?rest_route=\/wp\/v2\/pages"}],"about":[{"href":"https:\/\/hoppyness.com.mx\/index.php?rest_route=\/wp\/v2\/types\/page"}],"author":[{"embeddable":true,"href":"https:\/\/hoppyness.com.mx\/index.php?rest_route=\/wp\/v2\/users\/1"}],"replies":[{"embeddable":true,"href":"https:\/\/hoppyness.com.mx\/index.php?rest_route=%2Fwp%2Fv2%2Fcomments&post=226"}],"version-history":[{"count":13,"href":"https:\/\/hoppyness.com.mx\/index.php?rest_route=\/wp\/v2\/pages\/226\/revisions"}],"predecessor-version":[{"id":541,"href":"https:\/\/hoppyness.com.mx\/index.php?rest_route=\/wp\/v2\/pages\/226\/revisions\/541"}],"wp:attachment":[{"href":"https:\/\/hoppyness.com.mx\/index.php?rest_route=%2Fwp%2Fv2%2Fmedia&parent=226"}],"curies":[{"name":"wp","href":"https:\/\/api.w.org\/{rel}","templated":true}]}}