{"id":509,"date":"2020-11-15T17:55:58","date_gmt":"2020-11-15T17:55:58","guid":{"rendered":"https:\/\/hoppyness.com.mx\/?page_id=509"},"modified":"2020-11-16T00:56:52","modified_gmt":"2020-11-16T00:56:52","slug":"programas-de-capacitacion","status":"publish","type":"page","link":"https:\/\/hoppyness.com.mx\/?page_id=509","title":{"rendered":"Programas de capacitaci\u00f3n"},"content":{"rendered":"\n<p>Tener una carta de cerveza artesanal en tu negocio no es todo, tu personal debe tener las herramienta necesarias para lograr una venta con \u00e9xito y as\u00ed captar la atenci\u00f3n y el gusto de tus clientes por la cerveza artesanal. Por eso le ofrecemos a mano de expertos la formaci\u00f3n para que todo su equipo se introduzca y apasionen por el mundo de la cerveza.<\/p>\n\n\n\n<p>Ofrecemos completos programas de capacitaci\u00f3n a manos de expertos, en los que se abordan los principales temas en el conocimiento de la cerveza.<\/p>\n\n\n\n<ul class=\"wp-block-list\"><li>Antecedentes hist\u00f3ricos la cerveza<\/li><li>Proceso de elaboraci\u00f3n<\/li><li>Estilos\/Propiedades organol\u00e9pticas<\/li><li>Maridaje y t\u00e9cnicas de venta<\/li><li>Dise\u00f1o de Men\u00fa de cervezas<\/li><li>Costos de cervezas<\/li><li>Tendencias de mercado<\/li><\/ul>\n","protected":false},"excerpt":{"rendered":"<p>Aprenda todo sobre la cerveza<\/p>\n","protected":false},"author":1,"featured_media":586,"parent":0,"menu_order":0,"comment_status":"closed","ping_status":"closed","template":"","meta":{"footnotes":""},"class_list":["post-509","page","type-page","status-publish","has-post-thumbnail","hentry"],"yoast_head":"<!-- This site is optimized with the Yoast SEO plugin v26.8 - https:\/\/yoast.com\/product\/yoast-seo-wordpress\/ -->\n<title>Programas de capacitaci\u00f3n &#8211; Hoppyness<\/title>\n<meta name=\"robots\" content=\"index, follow, max-snippet:-1, max-image-preview:large, max-video-preview:-1\" \/>\n<link rel=\"canonical\" href=\"https:\/\/hoppyness.com.mx\/?page_id=509\" \/>\n<meta property=\"og:locale\" content=\"es_ES\" \/>\n<meta property=\"og:type\" content=\"article\" \/>\n<meta property=\"og:title\" content=\"Programas de capacitaci\u00f3n &#8211; Hoppyness\" \/>\n<meta property=\"og:description\" content=\"Aprenda todo sobre la cerveza\" \/>\n<meta property=\"og:url\" content=\"https:\/\/hoppyness.com.mx\/?page_id=509\" \/>\n<meta property=\"og:site_name\" content=\"Hoppyness\" \/>\n<meta property=\"article:publisher\" content=\"https:\/\/www.facebook.com\/hoppynesscervezas\" \/>\n<meta property=\"article:modified_time\" content=\"2020-11-16T00:56:52+00:00\" \/>\n<meta property=\"og:image\" content=\"https:\/\/hoppyness.com.mx\/wp-content\/uploads\/2020\/11\/icapacita.png\" \/>\n\t<meta property=\"og:image:width\" content=\"232\" \/>\n\t<meta property=\"og:image:height\" content=\"232\" \/>\n\t<meta property=\"og:image:type\" content=\"image\/png\" \/>\n<meta name=\"twitter:card\" content=\"summary_large_image\" \/>\n<meta name=\"twitter:label1\" content=\"Tiempo de lectura\" \/>\n\t<meta name=\"twitter:data1\" content=\"1 minuto\" \/>\n<script type=\"application\/ld+json\" class=\"yoast-schema-graph\">{\"@context\":\"https:\/\/schema.org\",\"@graph\":[{\"@type\":\"WebPage\",\"@id\":\"https:\/\/hoppyness.com.mx\/?page_id=509\",\"url\":\"https:\/\/hoppyness.com.mx\/?page_id=509\",\"name\":\"Programas de capacitaci\u00f3n &#8211; Hoppyness\",\"isPartOf\":{\"@id\":\"https:\/\/hoppyness.com.mx\/#website\"},\"primaryImageOfPage\":{\"@id\":\"https:\/\/hoppyness.com.mx\/?page_id=509#primaryimage\"},\"image\":{\"@id\":\"https:\/\/hoppyness.com.mx\/?page_id=509#primaryimage\"},\"thumbnailUrl\":\"https:\/\/hoppyness.com.mx\/wp-content\/uploads\/2020\/11\/icapacita.png\",\"datePublished\":\"2020-11-15T17:55:58+00:00\",\"dateModified\":\"2020-11-16T00:56:52+00:00\",\"breadcrumb\":{\"@id\":\"https:\/\/hoppyness.com.mx\/?page_id=509#breadcrumb\"},\"inLanguage\":\"es\",\"potentialAction\":[{\"@type\":\"ReadAction\",\"target\":[\"https:\/\/hoppyness.com.mx\/?page_id=509\"]}]},{\"@type\":\"ImageObject\",\"inLanguage\":\"es\",\"@id\":\"https:\/\/hoppyness.com.mx\/?page_id=509#primaryimage\",\"url\":\"https:\/\/hoppyness.com.mx\/wp-content\/uploads\/2020\/11\/icapacita.png\",\"contentUrl\":\"https:\/\/hoppyness.com.mx\/wp-content\/uploads\/2020\/11\/icapacita.png\",\"width\":232,\"height\":232},{\"@type\":\"BreadcrumbList\",\"@id\":\"https:\/\/hoppyness.com.mx\/?page_id=509#breadcrumb\",\"itemListElement\":[{\"@type\":\"ListItem\",\"position\":1,\"name\":\"Portada\",\"item\":\"https:\/\/hoppyness.com.mx\/\"},{\"@type\":\"ListItem\",\"position\":2,\"name\":\"Programas de capacitaci\u00f3n\"}]},{\"@type\":\"WebSite\",\"@id\":\"https:\/\/hoppyness.com.mx\/#website\",\"url\":\"https:\/\/hoppyness.com.mx\/\",\"name\":\"Hoppyness\",\"description\":\"Somos distribuidores de cerveza artesanal en Canc\u00fan\",\"publisher\":{\"@id\":\"https:\/\/hoppyness.com.mx\/#organization\"},\"alternateName\":\"Venta de cerveza artesanal en Canc\u00fan\",\"potentialAction\":[{\"@type\":\"SearchAction\",\"target\":{\"@type\":\"EntryPoint\",\"urlTemplate\":\"https:\/\/hoppyness.com.mx\/?s={search_term_string}\"},\"query-input\":{\"@type\":\"PropertyValueSpecification\",\"valueRequired\":true,\"valueName\":\"search_term_string\"}}],\"inLanguage\":\"es\"},{\"@type\":\"Organization\",\"@id\":\"https:\/\/hoppyness.com.mx\/#organization\",\"name\":\"Hoppyness Distribuci\u00f3n de Cerveza Artesanal\",\"alternateName\":\"Distribuci\u00f3n de Cerveza Artesanal\",\"url\":\"https:\/\/hoppyness.com.mx\/\",\"logo\":{\"@type\":\"ImageObject\",\"inLanguage\":\"es\",\"@id\":\"https:\/\/hoppyness.com.mx\/#\/schema\/logo\/image\/\",\"url\":\"https:\/\/hoppyness.com.mx\/wp-content\/uploads\/2020\/11\/1111.png\",\"contentUrl\":\"https:\/\/hoppyness.com.mx\/wp-content\/uploads\/2020\/11\/1111.png\",\"width\":354,\"height\":114,\"caption\":\"Hoppyness Distribuci\u00f3n de Cerveza Artesanal\"},\"image\":{\"@id\":\"https:\/\/hoppyness.com.mx\/#\/schema\/logo\/image\/\"},\"sameAs\":[\"https:\/\/www.facebook.com\/hoppynesscervezas\",\"https:\/\/www.instagram.com\/hoppynesscervezas\"]}]}<\/script>\n<!-- \/ Yoast SEO plugin. -->","yoast_head_json":{"title":"Programas de capacitaci\u00f3n &#8211; Hoppyness","robots":{"index":"index","follow":"follow","max-snippet":"max-snippet:-1","max-image-preview":"max-image-preview:large","max-video-preview":"max-video-preview:-1"},"canonical":"https:\/\/hoppyness.com.mx\/?page_id=509","og_locale":"es_ES","og_type":"article","og_title":"Programas de capacitaci\u00f3n &#8211; Hoppyness","og_description":"Aprenda todo sobre la cerveza","og_url":"https:\/\/hoppyness.com.mx\/?page_id=509","og_site_name":"Hoppyness","article_publisher":"https:\/\/www.facebook.com\/hoppynesscervezas","article_modified_time":"2020-11-16T00:56:52+00:00","og_image":[{"width":232,"height":232,"url":"https:\/\/hoppyness.com.mx\/wp-content\/uploads\/2020\/11\/icapacita.png","type":"image\/png"}],"twitter_card":"summary_large_image","twitter_misc":{"Tiempo de lectura":"1 minuto"},"schema":{"@context":"https:\/\/schema.org","@graph":[{"@type":"WebPage","@id":"https:\/\/hoppyness.com.mx\/?page_id=509","url":"https:\/\/hoppyness.com.mx\/?page_id=509","name":"Programas de capacitaci\u00f3n &#8211; Hoppyness","isPartOf":{"@id":"https:\/\/hoppyness.com.mx\/#website"},"primaryImageOfPage":{"@id":"https:\/\/hoppyness.com.mx\/?page_id=509#primaryimage"},"image":{"@id":"https:\/\/hoppyness.com.mx\/?page_id=509#primaryimage"},"thumbnailUrl":"https:\/\/hoppyness.com.mx\/wp-content\/uploads\/2020\/11\/icapacita.png","datePublished":"2020-11-15T17:55:58+00:00","dateModified":"2020-11-16T00:56:52+00:00","breadcrumb":{"@id":"https:\/\/hoppyness.com.mx\/?page_id=509#breadcrumb"},"inLanguage":"es","potentialAction":[{"@type":"ReadAction","target":["https:\/\/hoppyness.com.mx\/?page_id=509"]}]},{"@type":"ImageObject","inLanguage":"es","@id":"https:\/\/hoppyness.com.mx\/?page_id=509#primaryimage","url":"https:\/\/hoppyness.com.mx\/wp-content\/uploads\/2020\/11\/icapacita.png","contentUrl":"https:\/\/hoppyness.com.mx\/wp-content\/uploads\/2020\/11\/icapacita.png","width":232,"height":232},{"@type":"BreadcrumbList","@id":"https:\/\/hoppyness.com.mx\/?page_id=509#breadcrumb","itemListElement":[{"@type":"ListItem","position":1,"name":"Portada","item":"https:\/\/hoppyness.com.mx\/"},{"@type":"ListItem","position":2,"name":"Programas de capacitaci\u00f3n"}]},{"@type":"WebSite","@id":"https:\/\/hoppyness.com.mx\/#website","url":"https:\/\/hoppyness.com.mx\/","name":"Hoppyness","description":"Somos distribuidores de cerveza artesanal en Canc\u00fan","publisher":{"@id":"https:\/\/hoppyness.com.mx\/#organization"},"alternateName":"Venta de cerveza artesanal en Canc\u00fan","potentialAction":[{"@type":"SearchAction","target":{"@type":"EntryPoint","urlTemplate":"https:\/\/hoppyness.com.mx\/?s={search_term_string}"},"query-input":{"@type":"PropertyValueSpecification","valueRequired":true,"valueName":"search_term_string"}}],"inLanguage":"es"},{"@type":"Organization","@id":"https:\/\/hoppyness.com.mx\/#organization","name":"Hoppyness Distribuci\u00f3n de Cerveza Artesanal","alternateName":"Distribuci\u00f3n de Cerveza Artesanal","url":"https:\/\/hoppyness.com.mx\/","logo":{"@type":"ImageObject","inLanguage":"es","@id":"https:\/\/hoppyness.com.mx\/#\/schema\/logo\/image\/","url":"https:\/\/hoppyness.com.mx\/wp-content\/uploads\/2020\/11\/1111.png","contentUrl":"https:\/\/hoppyness.com.mx\/wp-content\/uploads\/2020\/11\/1111.png","width":354,"height":114,"caption":"Hoppyness Distribuci\u00f3n de Cerveza Artesanal"},"image":{"@id":"https:\/\/hoppyness.com.mx\/#\/schema\/logo\/image\/"},"sameAs":["https:\/\/www.facebook.com\/hoppynesscervezas","https:\/\/www.instagram.com\/hoppynesscervezas"]}]}},"jetpack_sharing_enabled":true,"_links":{"self":[{"href":"https:\/\/hoppyness.com.mx\/index.php?rest_route=\/wp\/v2\/pages\/509","targetHints":{"allow":["GET"]}}],"collection":[{"href":"https:\/\/hoppyness.com.mx\/index.php?rest_route=\/wp\/v2\/pages"}],"about":[{"href":"https:\/\/hoppyness.com.mx\/index.php?rest_route=\/wp\/v2\/types\/page"}],"author":[{"embeddable":true,"href":"https:\/\/hoppyness.com.mx\/index.php?rest_route=\/wp\/v2\/users\/1"}],"replies":[{"embeddable":true,"href":"https:\/\/hoppyness.com.mx\/index.php?rest_route=%2Fwp%2Fv2%2Fcomments&post=509"}],"version-history":[{"count":3,"href":"https:\/\/hoppyness.com.mx\/index.php?rest_route=\/wp\/v2\/pages\/509\/revisions"}],"predecessor-version":[{"id":583,"href":"https:\/\/hoppyness.com.mx\/index.php?rest_route=\/wp\/v2\/pages\/509\/revisions\/583"}],"wp:featuredmedia":[{"embeddable":true,"href":"https:\/\/hoppyness.com.mx\/index.php?rest_route=\/wp\/v2\/media\/586"}],"wp:attachment":[{"href":"https:\/\/hoppyness.com.mx\/index.php?rest_route=%2Fwp%2Fv2%2Fmedia&parent=509"}],"curies":[{"name":"wp","href":"https:\/\/api.w.org\/{rel}","templated":true}]}}