{"id":517,"date":"2020-11-15T18:05:19","date_gmt":"2020-11-15T18:05:19","guid":{"rendered":"https:\/\/hoppyness.com.mx\/?page_id=517"},"modified":"2020-11-16T00:56:23","modified_gmt":"2020-11-16T00:56:23","slug":"diseno-de-menu","status":"publish","type":"page","link":"https:\/\/hoppyness.com.mx\/?page_id=517","title":{"rendered":"Dise\u00f1o de Men\u00fa"},"content":{"rendered":"\n<p>Cada negocio tiene su estilo propio, por eso un men\u00fa que cumpla con tus requisitos de maridaje har\u00e1 la diferencia. Te asesoramos por completo en la elecci\u00f3n de las cervezas que mejor se ajustan a tu negocio as\u00ed como las tendencias actuales del mercado.<\/p>\n\n\n\n<ul class=\"wp-block-list\"><li>Concepto del lugar<\/li><li>Men\u00fa de alimentos<\/li><li>Estilos de cervezas<\/li><li>Mercado<\/li><\/ul>\n","protected":false},"excerpt":{"rendered":"<p>Justo lo que necesita tu negocio<\/p>\n","protected":false},"author":1,"featured_media":588,"parent":0,"menu_order":0,"comment_status":"closed","ping_status":"closed","template":"","meta":{"footnotes":""},"class_list":["post-517","page","type-page","status-publish","has-post-thumbnail","hentry"],"yoast_head":"<!-- This site is optimized with the Yoast SEO plugin v26.8 - https:\/\/yoast.com\/product\/yoast-seo-wordpress\/ -->\n<title>Dise\u00f1o de Men\u00fa &#8211; Hoppyness<\/title>\n<meta name=\"robots\" content=\"index, follow, max-snippet:-1, max-image-preview:large, max-video-preview:-1\" \/>\n<link rel=\"canonical\" href=\"https:\/\/hoppyness.com.mx\/?page_id=517\" \/>\n<meta property=\"og:locale\" content=\"es_ES\" \/>\n<meta property=\"og:type\" content=\"article\" \/>\n<meta property=\"og:title\" content=\"Dise\u00f1o de Men\u00fa &#8211; Hoppyness\" \/>\n<meta property=\"og:description\" content=\"Justo lo que necesita tu negocio\" \/>\n<meta property=\"og:url\" content=\"https:\/\/hoppyness.com.mx\/?page_id=517\" \/>\n<meta property=\"og:site_name\" content=\"Hoppyness\" \/>\n<meta property=\"article:publisher\" content=\"https:\/\/www.facebook.com\/hoppynesscervezas\" \/>\n<meta property=\"article:modified_time\" content=\"2020-11-16T00:56:23+00:00\" \/>\n<meta property=\"og:image\" content=\"https:\/\/hoppyness.com.mx\/wp-content\/uploads\/2020\/11\/imenu.png\" \/>\n\t<meta property=\"og:image:width\" content=\"232\" \/>\n\t<meta property=\"og:image:height\" content=\"232\" \/>\n\t<meta property=\"og:image:type\" content=\"image\/png\" \/>\n<meta name=\"twitter:card\" content=\"summary_large_image\" \/>\n<script type=\"application\/ld+json\" class=\"yoast-schema-graph\">{\"@context\":\"https:\/\/schema.org\",\"@graph\":[{\"@type\":\"WebPage\",\"@id\":\"https:\/\/hoppyness.com.mx\/?page_id=517\",\"url\":\"https:\/\/hoppyness.com.mx\/?page_id=517\",\"name\":\"Dise\u00f1o de Men\u00fa &#8211; Hoppyness\",\"isPartOf\":{\"@id\":\"https:\/\/hoppyness.com.mx\/#website\"},\"primaryImageOfPage\":{\"@id\":\"https:\/\/hoppyness.com.mx\/?page_id=517#primaryimage\"},\"image\":{\"@id\":\"https:\/\/hoppyness.com.mx\/?page_id=517#primaryimage\"},\"thumbnailUrl\":\"https:\/\/hoppyness.com.mx\/wp-content\/uploads\/2020\/11\/imenu.png\",\"datePublished\":\"2020-11-15T18:05:19+00:00\",\"dateModified\":\"2020-11-16T00:56:23+00:00\",\"breadcrumb\":{\"@id\":\"https:\/\/hoppyness.com.mx\/?page_id=517#breadcrumb\"},\"inLanguage\":\"es\",\"potentialAction\":[{\"@type\":\"ReadAction\",\"target\":[\"https:\/\/hoppyness.com.mx\/?page_id=517\"]}]},{\"@type\":\"ImageObject\",\"inLanguage\":\"es\",\"@id\":\"https:\/\/hoppyness.com.mx\/?page_id=517#primaryimage\",\"url\":\"https:\/\/hoppyness.com.mx\/wp-content\/uploads\/2020\/11\/imenu.png\",\"contentUrl\":\"https:\/\/hoppyness.com.mx\/wp-content\/uploads\/2020\/11\/imenu.png\",\"width\":232,\"height\":232},{\"@type\":\"BreadcrumbList\",\"@id\":\"https:\/\/hoppyness.com.mx\/?page_id=517#breadcrumb\",\"itemListElement\":[{\"@type\":\"ListItem\",\"position\":1,\"name\":\"Portada\",\"item\":\"https:\/\/hoppyness.com.mx\/\"},{\"@type\":\"ListItem\",\"position\":2,\"name\":\"Dise\u00f1o de Men\u00fa\"}]},{\"@type\":\"WebSite\",\"@id\":\"https:\/\/hoppyness.com.mx\/#website\",\"url\":\"https:\/\/hoppyness.com.mx\/\",\"name\":\"Hoppyness\",\"description\":\"Somos distribuidores de cerveza artesanal en Canc\u00fan\",\"publisher\":{\"@id\":\"https:\/\/hoppyness.com.mx\/#organization\"},\"alternateName\":\"Venta de cerveza artesanal en Canc\u00fan\",\"potentialAction\":[{\"@type\":\"SearchAction\",\"target\":{\"@type\":\"EntryPoint\",\"urlTemplate\":\"https:\/\/hoppyness.com.mx\/?s={search_term_string}\"},\"query-input\":{\"@type\":\"PropertyValueSpecification\",\"valueRequired\":true,\"valueName\":\"search_term_string\"}}],\"inLanguage\":\"es\"},{\"@type\":\"Organization\",\"@id\":\"https:\/\/hoppyness.com.mx\/#organization\",\"name\":\"Hoppyness Distribuci\u00f3n de Cerveza Artesanal\",\"alternateName\":\"Distribuci\u00f3n de Cerveza Artesanal\",\"url\":\"https:\/\/hoppyness.com.mx\/\",\"logo\":{\"@type\":\"ImageObject\",\"inLanguage\":\"es\",\"@id\":\"https:\/\/hoppyness.com.mx\/#\/schema\/logo\/image\/\",\"url\":\"https:\/\/hoppyness.com.mx\/wp-content\/uploads\/2020\/11\/1111.png\",\"contentUrl\":\"https:\/\/hoppyness.com.mx\/wp-content\/uploads\/2020\/11\/1111.png\",\"width\":354,\"height\":114,\"caption\":\"Hoppyness Distribuci\u00f3n de Cerveza Artesanal\"},\"image\":{\"@id\":\"https:\/\/hoppyness.com.mx\/#\/schema\/logo\/image\/\"},\"sameAs\":[\"https:\/\/www.facebook.com\/hoppynesscervezas\",\"https:\/\/www.instagram.com\/hoppynesscervezas\"]}]}<\/script>\n<!-- \/ Yoast SEO plugin. -->","yoast_head_json":{"title":"Dise\u00f1o de Men\u00fa &#8211; Hoppyness","robots":{"index":"index","follow":"follow","max-snippet":"max-snippet:-1","max-image-preview":"max-image-preview:large","max-video-preview":"max-video-preview:-1"},"canonical":"https:\/\/hoppyness.com.mx\/?page_id=517","og_locale":"es_ES","og_type":"article","og_title":"Dise\u00f1o de Men\u00fa &#8211; Hoppyness","og_description":"Justo lo que necesita tu negocio","og_url":"https:\/\/hoppyness.com.mx\/?page_id=517","og_site_name":"Hoppyness","article_publisher":"https:\/\/www.facebook.com\/hoppynesscervezas","article_modified_time":"2020-11-16T00:56:23+00:00","og_image":[{"width":232,"height":232,"url":"https:\/\/hoppyness.com.mx\/wp-content\/uploads\/2020\/11\/imenu.png","type":"image\/png"}],"twitter_card":"summary_large_image","schema":{"@context":"https:\/\/schema.org","@graph":[{"@type":"WebPage","@id":"https:\/\/hoppyness.com.mx\/?page_id=517","url":"https:\/\/hoppyness.com.mx\/?page_id=517","name":"Dise\u00f1o de Men\u00fa &#8211; Hoppyness","isPartOf":{"@id":"https:\/\/hoppyness.com.mx\/#website"},"primaryImageOfPage":{"@id":"https:\/\/hoppyness.com.mx\/?page_id=517#primaryimage"},"image":{"@id":"https:\/\/hoppyness.com.mx\/?page_id=517#primaryimage"},"thumbnailUrl":"https:\/\/hoppyness.com.mx\/wp-content\/uploads\/2020\/11\/imenu.png","datePublished":"2020-11-15T18:05:19+00:00","dateModified":"2020-11-16T00:56:23+00:00","breadcrumb":{"@id":"https:\/\/hoppyness.com.mx\/?page_id=517#breadcrumb"},"inLanguage":"es","potentialAction":[{"@type":"ReadAction","target":["https:\/\/hoppyness.com.mx\/?page_id=517"]}]},{"@type":"ImageObject","inLanguage":"es","@id":"https:\/\/hoppyness.com.mx\/?page_id=517#primaryimage","url":"https:\/\/hoppyness.com.mx\/wp-content\/uploads\/2020\/11\/imenu.png","contentUrl":"https:\/\/hoppyness.com.mx\/wp-content\/uploads\/2020\/11\/imenu.png","width":232,"height":232},{"@type":"BreadcrumbList","@id":"https:\/\/hoppyness.com.mx\/?page_id=517#breadcrumb","itemListElement":[{"@type":"ListItem","position":1,"name":"Portada","item":"https:\/\/hoppyness.com.mx\/"},{"@type":"ListItem","position":2,"name":"Dise\u00f1o de Men\u00fa"}]},{"@type":"WebSite","@id":"https:\/\/hoppyness.com.mx\/#website","url":"https:\/\/hoppyness.com.mx\/","name":"Hoppyness","description":"Somos distribuidores de cerveza artesanal en Canc\u00fan","publisher":{"@id":"https:\/\/hoppyness.com.mx\/#organization"},"alternateName":"Venta de cerveza artesanal en Canc\u00fan","potentialAction":[{"@type":"SearchAction","target":{"@type":"EntryPoint","urlTemplate":"https:\/\/hoppyness.com.mx\/?s={search_term_string}"},"query-input":{"@type":"PropertyValueSpecification","valueRequired":true,"valueName":"search_term_string"}}],"inLanguage":"es"},{"@type":"Organization","@id":"https:\/\/hoppyness.com.mx\/#organization","name":"Hoppyness Distribuci\u00f3n de Cerveza Artesanal","alternateName":"Distribuci\u00f3n de Cerveza Artesanal","url":"https:\/\/hoppyness.com.mx\/","logo":{"@type":"ImageObject","inLanguage":"es","@id":"https:\/\/hoppyness.com.mx\/#\/schema\/logo\/image\/","url":"https:\/\/hoppyness.com.mx\/wp-content\/uploads\/2020\/11\/1111.png","contentUrl":"https:\/\/hoppyness.com.mx\/wp-content\/uploads\/2020\/11\/1111.png","width":354,"height":114,"caption":"Hoppyness Distribuci\u00f3n de Cerveza Artesanal"},"image":{"@id":"https:\/\/hoppyness.com.mx\/#\/schema\/logo\/image\/"},"sameAs":["https:\/\/www.facebook.com\/hoppynesscervezas","https:\/\/www.instagram.com\/hoppynesscervezas"]}]}},"jetpack_sharing_enabled":true,"_links":{"self":[{"href":"https:\/\/hoppyness.com.mx\/index.php?rest_route=\/wp\/v2\/pages\/517","targetHints":{"allow":["GET"]}}],"collection":[{"href":"https:\/\/hoppyness.com.mx\/index.php?rest_route=\/wp\/v2\/pages"}],"about":[{"href":"https:\/\/hoppyness.com.mx\/index.php?rest_route=\/wp\/v2\/types\/page"}],"author":[{"embeddable":true,"href":"https:\/\/hoppyness.com.mx\/index.php?rest_route=\/wp\/v2\/users\/1"}],"replies":[{"embeddable":true,"href":"https:\/\/hoppyness.com.mx\/index.php?rest_route=%2Fwp%2Fv2%2Fcomments&post=517"}],"version-history":[{"count":1,"href":"https:\/\/hoppyness.com.mx\/index.php?rest_route=\/wp\/v2\/pages\/517\/revisions"}],"predecessor-version":[{"id":518,"href":"https:\/\/hoppyness.com.mx\/index.php?rest_route=\/wp\/v2\/pages\/517\/revisions\/518"}],"wp:featuredmedia":[{"embeddable":true,"href":"https:\/\/hoppyness.com.mx\/index.php?rest_route=\/wp\/v2\/media\/588"}],"wp:attachment":[{"href":"https:\/\/hoppyness.com.mx\/index.php?rest_route=%2Fwp%2Fv2%2Fmedia&parent=517"}],"curies":[{"name":"wp","href":"https:\/\/api.w.org\/{rel}","templated":true}]}}