{"id":551,"date":"2020-11-15T19:02:45","date_gmt":"2020-11-15T19:02:45","guid":{"rendered":"https:\/\/hoppyness.com.mx\/?page_id=551"},"modified":"2020-11-18T23:31:22","modified_gmt":"2020-11-18T23:31:22","slug":"servicios-2","status":"publish","type":"page","link":"https:\/\/hoppyness.com.mx\/?page_id=551","title":{"rendered":"Servicios"},"content":{"rendered":"\n<div class=\"wp-block-columns is-layout-flex wp-container-core-columns-is-layout-9d6595d7 wp-block-columns-is-layout-flex\">\n<div class=\"wp-block-column is-layout-flow wp-block-column-is-layout-flow\">\n<figure class=\"wp-block-image size-large\"><img decoding=\"async\" src=\"https:\/\/hoppyness.com.mx\/wp-content\/uploads\/2020\/11\/beer-2218900_960_720-4.jpg\" alt=\"\"\/><figcaption>PROGRAMAS DE CAPACITACI\u00d3N<\/figcaption><\/figure>\n<\/div>\n\n\n\n<div class=\"wp-block-column is-layout-flow wp-block-column-is-layout-flow\">\n<ul class=\"wp-block-list\"><li>Antecedentes hist\u00f3ricos la cerveza.<\/li><li>Proceso de elaboraci\u00f3n.<\/li><li>Estilos\/Propiedades organol\u00e9pticas.<\/li><li>Maridaje y t\u00e9cnicas de venta.<\/li><li>Dise\u00f1o de Men\u00fa de cervezas.<\/li><li>Costos de cervezas.<\/li><li>Tendencias de mercado.<\/li><\/ul>\n<\/div>\n<\/div>\n\n\n\n<hr class=\"wp-block-separator\"\/>\n\n\n\n<div class=\"wp-block-columns is-layout-flex wp-container-core-columns-is-layout-9d6595d7 wp-block-columns-is-layout-flex\">\n<div class=\"wp-block-column is-layout-flow wp-block-column-is-layout-flow\">\n<figure class=\"wp-block-image size-large\"><img loading=\"lazy\" decoding=\"async\" width=\"960\" height=\"640\" src=\"https:\/\/hoppyness.com.mx\/wp-content\/uploads\/2020\/11\/beer-2218900_960_720-4.jpg\" alt=\"\" class=\"wp-image-553\" srcset=\"https:\/\/hoppyness.com.mx\/wp-content\/uploads\/2020\/11\/beer-2218900_960_720-4.jpg 960w, https:\/\/hoppyness.com.mx\/wp-content\/uploads\/2020\/11\/beer-2218900_960_720-4-300x200.jpg 300w, https:\/\/hoppyness.com.mx\/wp-content\/uploads\/2020\/11\/beer-2218900_960_720-4-768x512.jpg 768w, https:\/\/hoppyness.com.mx\/wp-content\/uploads\/2020\/11\/beer-2218900_960_720-4-600x400.jpg 600w\" sizes=\"auto, (max-width: 960px) 100vw, 960px\" \/><figcaption>SERVICIO T\u00c9CNICO<\/figcaption><\/figure>\n<\/div>\n\n\n\n<div class=\"wp-block-column is-layout-flow wp-block-column-is-layout-flow\">\n<ul class=\"wp-block-list\"><li>Mantenimiento preventivo a equipos de cerveza de barril (Mangueras y grifos).<\/li><\/ul>\n\n\n\n<ul class=\"wp-block-list\"><li>Asesor\u00eda t\u00e9cnica para instalaci\u00f3n de equipos para cerveza de barril.<\/li><\/ul>\n<\/div>\n<\/div>\n\n\n\n<hr class=\"wp-block-separator\"\/>\n\n\n\n<div class=\"wp-block-columns is-layout-flex wp-container-core-columns-is-layout-9d6595d7 wp-block-columns-is-layout-flex\">\n<div class=\"wp-block-column is-layout-flow wp-block-column-is-layout-flow\">\n<figure class=\"wp-block-image size-large\"><img decoding=\"async\" src=\"https:\/\/hoppyness.com.mx\/wp-content\/uploads\/2020\/11\/beer-2218900_960_720-4.jpg\" alt=\"\"\/><figcaption>BONIFICACIONES Y BENEFICIOS<\/figcaption><\/figure>\n<\/div>\n\n\n\n<div class=\"wp-block-column is-layout-flow wp-block-column-is-layout-flow\">\n<ul class=\"wp-block-list\"><li>Programa de incentivos para personal y servicio.<\/li><li>Bonificaciones sobre volumen de compra.<\/li><\/ul>\n<\/div>\n<\/div>\n\n\n\n<hr class=\"wp-block-separator\"\/>\n\n\n\n<div class=\"wp-block-columns is-layout-flex wp-container-core-columns-is-layout-9d6595d7 wp-block-columns-is-layout-flex\">\n<div class=\"wp-block-column is-layout-flow wp-block-column-is-layout-flow\">\n<figure class=\"wp-block-image size-large\"><img decoding=\"async\" src=\"https:\/\/hoppyness.com.mx\/wp-content\/uploads\/2020\/11\/beer-2218900_960_720-4.jpg\" alt=\"\"\/><figcaption>DISE\u00d1O DE MEN\u00da<\/figcaption><\/figure>\n<\/div>\n\n\n\n<div class=\"wp-block-column is-layout-flow wp-block-column-is-layout-flow\">\n<ul class=\"wp-block-list\"><li>Concepto del lugar.<\/li><li>Men\u00fa de alimentos.<\/li><li>Estilos de cervezas.<\/li><li>Mercado.<\/li><\/ul>\n\n\n\n<p><\/p>\n<\/div>\n<\/div>\n\n\n\n<p><\/p>\n","protected":false},"excerpt":{"rendered":"<p>Antecedentes hist\u00f3ricos la cerveza. Proceso de elaboraci\u00f3n. Estilos\/Propiedades organol\u00e9pticas. Maridaje y t\u00e9cnicas de venta. Dise\u00f1o de Men\u00fa de cervezas. Costos &hellip; <\/p>\n","protected":false},"author":1,"featured_media":0,"parent":0,"menu_order":0,"comment_status":"closed","ping_status":"closed","template":"","meta":{"footnotes":""},"class_list":["post-551","page","type-page","status-publish","hentry"],"yoast_head":"<!-- This site is optimized with the Yoast SEO plugin v26.8 - https:\/\/yoast.com\/product\/yoast-seo-wordpress\/ -->\n<title>Servicios &#8211; Hoppyness<\/title>\n<meta name=\"robots\" content=\"index, follow, max-snippet:-1, max-image-preview:large, max-video-preview:-1\" \/>\n<link rel=\"canonical\" href=\"https:\/\/hoppyness.com.mx\/?page_id=551\" \/>\n<meta property=\"og:locale\" content=\"es_ES\" \/>\n<meta property=\"og:type\" content=\"article\" \/>\n<meta property=\"og:title\" content=\"Servicios &#8211; Hoppyness\" \/>\n<meta property=\"og:description\" content=\"Antecedentes hist\u00f3ricos la cerveza. Proceso de elaboraci\u00f3n. Estilos\/Propiedades organol\u00e9pticas. Maridaje y t\u00e9cnicas de venta. Dise\u00f1o de Men\u00fa de cervezas. Costos &hellip;\" \/>\n<meta property=\"og:url\" content=\"https:\/\/hoppyness.com.mx\/?page_id=551\" \/>\n<meta property=\"og:site_name\" content=\"Hoppyness\" \/>\n<meta property=\"article:publisher\" content=\"https:\/\/www.facebook.com\/hoppynesscervezas\" \/>\n<meta property=\"article:modified_time\" content=\"2020-11-18T23:31:22+00:00\" \/>\n<meta property=\"og:image\" content=\"https:\/\/hoppyness.com.mx\/wp-content\/uploads\/2020\/11\/beer-2218900_960_720-4.jpg\" \/>\n<meta name=\"twitter:card\" content=\"summary_large_image\" \/>\n<script type=\"application\/ld+json\" class=\"yoast-schema-graph\">{\"@context\":\"https:\/\/schema.org\",\"@graph\":[{\"@type\":\"WebPage\",\"@id\":\"https:\/\/hoppyness.com.mx\/?page_id=551\",\"url\":\"https:\/\/hoppyness.com.mx\/?page_id=551\",\"name\":\"Servicios &#8211; Hoppyness\",\"isPartOf\":{\"@id\":\"https:\/\/hoppyness.com.mx\/#website\"},\"primaryImageOfPage\":{\"@id\":\"https:\/\/hoppyness.com.mx\/?page_id=551#primaryimage\"},\"image\":{\"@id\":\"https:\/\/hoppyness.com.mx\/?page_id=551#primaryimage\"},\"thumbnailUrl\":\"https:\/\/hoppyness.com.mx\/wp-content\/uploads\/2020\/11\/beer-2218900_960_720-4.jpg\",\"datePublished\":\"2020-11-15T19:02:45+00:00\",\"dateModified\":\"2020-11-18T23:31:22+00:00\",\"breadcrumb\":{\"@id\":\"https:\/\/hoppyness.com.mx\/?page_id=551#breadcrumb\"},\"inLanguage\":\"es\",\"potentialAction\":[{\"@type\":\"ReadAction\",\"target\":[\"https:\/\/hoppyness.com.mx\/?page_id=551\"]}]},{\"@type\":\"ImageObject\",\"inLanguage\":\"es\",\"@id\":\"https:\/\/hoppyness.com.mx\/?page_id=551#primaryimage\",\"url\":\"https:\/\/hoppyness.com.mx\/wp-content\/uploads\/2020\/11\/beer-2218900_960_720-4.jpg\",\"contentUrl\":\"https:\/\/hoppyness.com.mx\/wp-content\/uploads\/2020\/11\/beer-2218900_960_720-4.jpg\",\"width\":960,\"height\":640},{\"@type\":\"BreadcrumbList\",\"@id\":\"https:\/\/hoppyness.com.mx\/?page_id=551#breadcrumb\",\"itemListElement\":[{\"@type\":\"ListItem\",\"position\":1,\"name\":\"Portada\",\"item\":\"https:\/\/hoppyness.com.mx\/\"},{\"@type\":\"ListItem\",\"position\":2,\"name\":\"Servicios\"}]},{\"@type\":\"WebSite\",\"@id\":\"https:\/\/hoppyness.com.mx\/#website\",\"url\":\"https:\/\/hoppyness.com.mx\/\",\"name\":\"Hoppyness\",\"description\":\"Somos distribuidores de cerveza artesanal en Canc\u00fan\",\"publisher\":{\"@id\":\"https:\/\/hoppyness.com.mx\/#organization\"},\"alternateName\":\"Venta de cerveza artesanal en Canc\u00fan\",\"potentialAction\":[{\"@type\":\"SearchAction\",\"target\":{\"@type\":\"EntryPoint\",\"urlTemplate\":\"https:\/\/hoppyness.com.mx\/?s={search_term_string}\"},\"query-input\":{\"@type\":\"PropertyValueSpecification\",\"valueRequired\":true,\"valueName\":\"search_term_string\"}}],\"inLanguage\":\"es\"},{\"@type\":\"Organization\",\"@id\":\"https:\/\/hoppyness.com.mx\/#organization\",\"name\":\"Hoppyness Distribuci\u00f3n de Cerveza Artesanal\",\"alternateName\":\"Distribuci\u00f3n de Cerveza Artesanal\",\"url\":\"https:\/\/hoppyness.com.mx\/\",\"logo\":{\"@type\":\"ImageObject\",\"inLanguage\":\"es\",\"@id\":\"https:\/\/hoppyness.com.mx\/#\/schema\/logo\/image\/\",\"url\":\"https:\/\/hoppyness.com.mx\/wp-content\/uploads\/2020\/11\/1111.png\",\"contentUrl\":\"https:\/\/hoppyness.com.mx\/wp-content\/uploads\/2020\/11\/1111.png\",\"width\":354,\"height\":114,\"caption\":\"Hoppyness Distribuci\u00f3n de Cerveza Artesanal\"},\"image\":{\"@id\":\"https:\/\/hoppyness.com.mx\/#\/schema\/logo\/image\/\"},\"sameAs\":[\"https:\/\/www.facebook.com\/hoppynesscervezas\",\"https:\/\/www.instagram.com\/hoppynesscervezas\"]}]}<\/script>\n<!-- \/ Yoast SEO plugin. -->","yoast_head_json":{"title":"Servicios &#8211; Hoppyness","robots":{"index":"index","follow":"follow","max-snippet":"max-snippet:-1","max-image-preview":"max-image-preview:large","max-video-preview":"max-video-preview:-1"},"canonical":"https:\/\/hoppyness.com.mx\/?page_id=551","og_locale":"es_ES","og_type":"article","og_title":"Servicios &#8211; Hoppyness","og_description":"Antecedentes hist\u00f3ricos la cerveza. Proceso de elaboraci\u00f3n. Estilos\/Propiedades organol\u00e9pticas. Maridaje y t\u00e9cnicas de venta. Dise\u00f1o de Men\u00fa de cervezas. Costos &hellip;","og_url":"https:\/\/hoppyness.com.mx\/?page_id=551","og_site_name":"Hoppyness","article_publisher":"https:\/\/www.facebook.com\/hoppynesscervezas","article_modified_time":"2020-11-18T23:31:22+00:00","og_image":[{"url":"https:\/\/hoppyness.com.mx\/wp-content\/uploads\/2020\/11\/beer-2218900_960_720-4.jpg","type":"","width":"","height":""}],"twitter_card":"summary_large_image","schema":{"@context":"https:\/\/schema.org","@graph":[{"@type":"WebPage","@id":"https:\/\/hoppyness.com.mx\/?page_id=551","url":"https:\/\/hoppyness.com.mx\/?page_id=551","name":"Servicios &#8211; Hoppyness","isPartOf":{"@id":"https:\/\/hoppyness.com.mx\/#website"},"primaryImageOfPage":{"@id":"https:\/\/hoppyness.com.mx\/?page_id=551#primaryimage"},"image":{"@id":"https:\/\/hoppyness.com.mx\/?page_id=551#primaryimage"},"thumbnailUrl":"https:\/\/hoppyness.com.mx\/wp-content\/uploads\/2020\/11\/beer-2218900_960_720-4.jpg","datePublished":"2020-11-15T19:02:45+00:00","dateModified":"2020-11-18T23:31:22+00:00","breadcrumb":{"@id":"https:\/\/hoppyness.com.mx\/?page_id=551#breadcrumb"},"inLanguage":"es","potentialAction":[{"@type":"ReadAction","target":["https:\/\/hoppyness.com.mx\/?page_id=551"]}]},{"@type":"ImageObject","inLanguage":"es","@id":"https:\/\/hoppyness.com.mx\/?page_id=551#primaryimage","url":"https:\/\/hoppyness.com.mx\/wp-content\/uploads\/2020\/11\/beer-2218900_960_720-4.jpg","contentUrl":"https:\/\/hoppyness.com.mx\/wp-content\/uploads\/2020\/11\/beer-2218900_960_720-4.jpg","width":960,"height":640},{"@type":"BreadcrumbList","@id":"https:\/\/hoppyness.com.mx\/?page_id=551#breadcrumb","itemListElement":[{"@type":"ListItem","position":1,"name":"Portada","item":"https:\/\/hoppyness.com.mx\/"},{"@type":"ListItem","position":2,"name":"Servicios"}]},{"@type":"WebSite","@id":"https:\/\/hoppyness.com.mx\/#website","url":"https:\/\/hoppyness.com.mx\/","name":"Hoppyness","description":"Somos distribuidores de cerveza artesanal en Canc\u00fan","publisher":{"@id":"https:\/\/hoppyness.com.mx\/#organization"},"alternateName":"Venta de cerveza artesanal en Canc\u00fan","potentialAction":[{"@type":"SearchAction","target":{"@type":"EntryPoint","urlTemplate":"https:\/\/hoppyness.com.mx\/?s={search_term_string}"},"query-input":{"@type":"PropertyValueSpecification","valueRequired":true,"valueName":"search_term_string"}}],"inLanguage":"es"},{"@type":"Organization","@id":"https:\/\/hoppyness.com.mx\/#organization","name":"Hoppyness Distribuci\u00f3n de Cerveza Artesanal","alternateName":"Distribuci\u00f3n de Cerveza Artesanal","url":"https:\/\/hoppyness.com.mx\/","logo":{"@type":"ImageObject","inLanguage":"es","@id":"https:\/\/hoppyness.com.mx\/#\/schema\/logo\/image\/","url":"https:\/\/hoppyness.com.mx\/wp-content\/uploads\/2020\/11\/1111.png","contentUrl":"https:\/\/hoppyness.com.mx\/wp-content\/uploads\/2020\/11\/1111.png","width":354,"height":114,"caption":"Hoppyness Distribuci\u00f3n de Cerveza Artesanal"},"image":{"@id":"https:\/\/hoppyness.com.mx\/#\/schema\/logo\/image\/"},"sameAs":["https:\/\/www.facebook.com\/hoppynesscervezas","https:\/\/www.instagram.com\/hoppynesscervezas"]}]}},"jetpack_sharing_enabled":true,"_links":{"self":[{"href":"https:\/\/hoppyness.com.mx\/index.php?rest_route=\/wp\/v2\/pages\/551","targetHints":{"allow":["GET"]}}],"collection":[{"href":"https:\/\/hoppyness.com.mx\/index.php?rest_route=\/wp\/v2\/pages"}],"about":[{"href":"https:\/\/hoppyness.com.mx\/index.php?rest_route=\/wp\/v2\/types\/page"}],"author":[{"embeddable":true,"href":"https:\/\/hoppyness.com.mx\/index.php?rest_route=\/wp\/v2\/users\/1"}],"replies":[{"embeddable":true,"href":"https:\/\/hoppyness.com.mx\/index.php?rest_route=%2Fwp%2Fv2%2Fcomments&post=551"}],"version-history":[{"count":5,"href":"https:\/\/hoppyness.com.mx\/index.php?rest_route=\/wp\/v2\/pages\/551\/revisions"}],"predecessor-version":[{"id":626,"href":"https:\/\/hoppyness.com.mx\/index.php?rest_route=\/wp\/v2\/pages\/551\/revisions\/626"}],"wp:attachment":[{"href":"https:\/\/hoppyness.com.mx\/index.php?rest_route=%2Fwp%2Fv2%2Fmedia&parent=551"}],"curies":[{"name":"wp","href":"https:\/\/api.w.org\/{rel}","templated":true}]}}